{"id":134,"date":"2009-01-15T08:56:28","date_gmt":"2009-01-15T06:56:28","guid":{"rendered":"http:\/\/www.ssv-jueterbog.de\/?page_id=134"},"modified":"2025-03-20T11:13:24","modified_gmt":"2025-03-20T09:13:24","slug":"satzung-des-ssv-juterbog-1990-ev","status":"publish","type":"page","link":"https:\/\/www.ssv-jueterbog.de\/?page_id=134","title":{"rendered":"Satzung und Aufnahmeantrag"},"content":{"rendered":"<p>Satzung (18.09.2022) SSV J\u00fcterbog 1990 e.V.<\/p>\n<p>\u00a7 1 Name, Sitz, Gesch\u00e4ftsjahr&nbsp;<\/p>\n<p>Der am 28.06.1990 gegr\u00fcndete Verein f\u00fchrt den Namen <u>Sport- und Spielverein J\u00fcterbog 1990 e.V.<\/u> und hat seinen Sitz in J\u00fcterbog. Er ist im Vereinsregister eingetragen.<\/p>\n<p>Der Verein erkennt die Satzung des Landessportbundes Brandenburg an.<\/p>\n<p>Das Gesch\u00e4ftsjahr ist das Kalenderjahr.<\/p>\n<p>\u00a7 2 Zweck, Aufgaben und Grunds\u00e4tze der T\u00e4tigkeit&nbsp;<\/p>\n<p>Der Verein verfolgt im Rahmen dieser Satzung ausschlie\u00dflich und unmittelbar gemeinn\u00fctzige Zwecke im Sinne des Abschnitts \u201eSteuerbeg\u00fcnstigte Zwecke\u201c der Abgabenordnung.<\/p>\n<p>Der Zweck wird verwirklicht durch die F\u00f6rderung und Aus\u00fcbung in all seinen Auspr\u00e4gungen und Formen.<\/p>\n<p>Der Verein ist selbstlos t\u00e4tig, er verfolgt nicht in der ersten Linie eigenwirtschaftliche Zwecke.<\/p>\n<p>Die Organe des Vereins (\u00a7 7) \u00fcben ihre T\u00e4tigkeiten ehrenamtlich aus.<\/p>\n<p>Mittel, die dem Verein zuflie\u00dfen, d\u00fcrfen nur f\u00fcr satzungsm\u00e4\u00dfige Zwecke verwendet werden. Die Mitglieder erhalten auch keine sonstigen Zuwendungen aus Mitteln des Vereins. Es darf keine Person durch Ausgaben, die den Zwecken des Vereins fremd sind, oder durch unverh\u00e4ltnism\u00e4\u00dfig hohe Verg\u00fctungen beg\u00fcnstigt werden.<\/p>\n<p>Der Verein wahrt parteipolitische Neutralit\u00e4t. Er r\u00e4umt den Angeh\u00f6rigen aller V\u00f6lker und Rassen gleiche Rechte ein und vertritt den Grundsatz religi\u00f6ser und weltanschaulicher Toleranz.<\/p>\n<p>Der SSV f\u00f6rdert f\u00fcr seine Mitglieder das traditionsverbundene und kulturelle Brauchtum.<\/p>\n<p>\u00a7 3 Mitgliedschaft<\/p>\n<p>Mitglied des Vereins kann jeder werden, der sich an den in \u00a7 2 aufgef\u00fchrten Zweck der Satzung beteiligt, sowie Freunde und F\u00f6rderer des Vereins. Es ist eine Aufnahmegeb\u00fchr zu entrichten.<\/p>\n<p>Der Verein besteht aus<br>den erwachsenen Mitgliedern<br>a) ordentlichen Mitgliedern, die sich im Verein sportlich bet\u00e4tigen und das 18. Lebensjahr vollendet haben,<br>b)&nbsp;passiven Mitgliedern, die sich im Verein nicht sportlich bet\u00e4tigen und das 18. Lebensjahr vollendet haben,<br>c)&nbsp;ausw\u00e4rtigen Mitgliedern,<br>d)&nbsp;f\u00f6rdernden Mitgliedern,<br>e)&nbsp;Ehrenmitgliedern,<br>2. den jugendlichen Mitgliedern bis zur Vollendung des 18. Lebensjahres.<\/p>\n<p>\u00a7 4 Erwerb und Verlust der Mitgliedschaft&nbsp;<\/p>\n<p>Die Mitgliedschaft ist schriftlich unter Anerkennung der Vereinssatzung zu beantragen. \u00dcber die Aufnahme von Mitgliedern entscheidet der Vorstand. Im Falle einer Ablehnung, die nicht begr\u00fcndet werden braucht, ist die Berufung an die Mitgliederversammlung durch den Antragsteller zul\u00e4ssig. Diese entscheidet endg\u00fcltig. Bei Aufnahmeantr\u00e4gen Minderj\u00e4hriger ist die schriftliche Zustimmung der gesetzlichen Vertreter erforderlich.<\/p>\n<p>Die Mitgliedschaft erlischt durch:<br>a)&nbsp;Austritt,<br>b)&nbsp;Ausschluss,<br>c)&nbsp;Tod.<\/p>\n<p>Der Austritt muss dem Vorstand gegen\u00fcber schriftlich erkl\u00e4rt werden. Die K\u00fcndigungsfrist betr\u00e4gt 3 Monate zum Jahresschluss.<\/p>\n<p>Ein Mitglied kann vom Vorstand aus dem Verein ausgeschlossen werden,<br>a) wegen erheblicher Verletzung satzungsm\u00e4\u00dfiger Verpflichtungen,<br>b) wegen Zahlungsr\u00fcckstand mit Beitr\u00e4gen von mehr als einem Jahr Jahresbetrag trotz Mahnung,<br>c) wegen eines schweren Versto\u00dfes gegen die Interessen des Vereins oder groben unsportlichen Verhaltens.<\/p>\n<p>Bei der Beendigung der Mitgliedschaft bleiben die Beitragspflicht bis zum Ende des laufenden Gesch\u00e4ftsjahres und s\u00e4mtliche sonstige Verpflichtungen gegen\u00fcber dem Verein bestehen. In begr\u00fcndeten F\u00e4llen entscheidet der Vorstand \u00fcber bestehende finanzielle Anspr\u00fcche f\u00fcr das laufende Gesch\u00e4ftsjahr.<\/p>\n<p>Ausgeschiedene und ausgeschlossene Mitglieder haben keinen Anspruch auf Anteile aus dem Verm\u00f6gen des Vereins. Anspr\u00fcche eines ausgeschiedenen oder ausgeschlossenen Mitgliedes gegen den Verein m\u00fcssen binnen 6 Wochen nach dem Erl\u00f6schen der Mitgliedschaft durch eingeschriebenen Brief schriftlich dargelegt und geltend gemacht werden.<\/p>\n<p>\u00a7 5 Rechte und Pflichten&nbsp;<\/p>\n<p>Die Mitglieder sind berechtigt, im Rahmen des Vereinszweckes an den Veranstaltungen des Vereins teilzunehmen.<\/p>\n<p>Alle Mitglieder sind verpflichtet, sich entsprechend der Satzung und der Gesch\u00e4ftsordnung des Vereins zu verhalten.<\/p>\n<p>Die Mitglieder sind zur Entrichtung von Beitr\u00e4gen verpflichtet. Die H\u00f6he und F\u00e4lligkeit der Beitr\u00e4ge beschlie\u00dft die Mitgliederversammlung.<\/p>\n<p>\u00a7 6 Ma\u00dfregelung&nbsp;<\/p>\n<p>Gegen Mitglieder, die gegen die Satzung oder gegen Beschl\u00fcsse des Vorstandes oder der Mitgliederversammlung versto\u00dfen oder sich eines unsportlichen Verhaltens schuldig machen, k\u00f6nnen nach vorheriger Anh\u00f6rung vom Vorstand folgende Ma\u00dfregelungen verh\u00e4ngt werden:<br>a)&nbsp;Verweis,<br>b)&nbsp;Verbot der Teilnahme am Sporttreiben und den Veranstaltungen des Vereins auf die Dauer bis zu vier Wochen,<br>c)&nbsp;Ausschluss.<\/p>\n<p>Der Bescheid \u00fcber die Ma\u00dfregelung &#8211; die gegen\u00fcber Ehrenmitgliedern nicht m\u00f6glich ist &#8211; ist mit Einschreibebrief zuzustellen. Dem betroffenen Mitglied steht das Recht zu, gegen diese Entscheidung den Beschwerdeausschuss anzurufen.<\/p>\n<p>\u00a7 7 Organe<\/p>\n<p>&nbsp;&nbsp;&nbsp;&nbsp;&nbsp;&nbsp;&nbsp; &nbsp;Die Organe des Vereins sind:<br>&nbsp;&nbsp;&nbsp;&nbsp;&nbsp;&nbsp;&nbsp;&nbsp;&nbsp;&nbsp;&nbsp;&nbsp;&nbsp;&nbsp;&nbsp;&nbsp;&nbsp;&nbsp;&nbsp;&nbsp;&nbsp;&nbsp; a)&nbsp;die Mitgliederversammlung,<br>&nbsp;&nbsp;&nbsp;&nbsp;&nbsp;&nbsp;&nbsp;&nbsp;&nbsp;&nbsp;&nbsp;&nbsp;&nbsp;&nbsp;&nbsp;&nbsp;&nbsp;&nbsp;&nbsp;&nbsp;&nbsp;&nbsp; b)&nbsp;der Vorstand,<br>&nbsp;&nbsp;&nbsp;&nbsp;&nbsp;&nbsp;&nbsp;&nbsp;&nbsp;&nbsp;&nbsp;&nbsp;&nbsp;&nbsp;&nbsp;&nbsp;&nbsp;&nbsp;&nbsp;&nbsp;&nbsp;&nbsp; c)&nbsp;die Sektionsleitung bzw. Leitungen der Sportgruppen,<br>&nbsp;&nbsp;&nbsp;&nbsp;&nbsp;&nbsp;&nbsp;&nbsp;&nbsp;&nbsp;&nbsp;&nbsp;&nbsp;&nbsp;&nbsp;&nbsp;&nbsp;&nbsp;&nbsp;&nbsp;&nbsp;&nbsp; d)&nbsp;der Beschwerdeausschuss.<\/p>\n<p>\u00a7 8 Die Mitgliederversammlung&nbsp;<\/p>\n<p>Oberstes Organ des Vereins ist die Mitgliederversammlung. Die wichtigste Mitgliederversammlung ist die Hauptversammlung. Diese ist zust\u00e4ndig f\u00fcr:<br>a)&nbsp;Entgegennahme des Berichts der Kassenpr\u00fcfer,<br>b)&nbsp;Entlastung und Wahl des Vorstandes,<br>c)&nbsp;Wahl der Revisionskommission,<br>d)&nbsp;Festsetzung von Beitr\u00e4gen, Umlagen und deren F\u00e4lligkeit,<br>e)&nbsp;Genehmigung des Haushaltsplanes,<br>f)&nbsp;Satzungs\u00e4nderungen,<br>g)&nbsp;Beschlussfassung \u00fcber Antr\u00e4ge,<br>h)&nbsp;Entscheidung \u00fcber die Berufung gegen den ablehnenden Entscheid des Vorstandes nach \u00a7 4 Abs. 1,<br>i)&nbsp;Berufung gegen den Ausschluss eines Mitgliedes nach \u00a7 4 Abs. 4,<br>j)&nbsp;Ernennung von Ehrenmitgliedern nach \u00a7 11,<br>k)&nbsp;Aufl\u00f6sung des Vereins,<br>l)&nbsp;Wahl der Mitglieder von satzungsgem\u00e4\u00df vorgesehenen Aussch\u00fcssen.<\/p>\n<p>Die Hauptversammlung findet mindestens einmal j\u00e4hrlich statt; sie sollte im I. Quartal durchgef\u00fchrt werden.<\/p>\n<p>Eine au\u00dferordentliche Mitgliederversammlung ist innerhalb einer Frist von zwei Wochen mit entsprechender schriftlicher Tagesordnung einzuberufen, wenn es<br>a)&nbsp;der Vorstand beschlie\u00dft oder<br>b)&nbsp;1\/3 der erwachsenen Mitglieder beantragen.<\/p>\n<p>Die Einberufung von Mitgliederversammlungen erfolgt durch den Vorstand mittels schriftlicher Einladung. F\u00fcr den Nachweis der frist- und ordnungsgem\u00e4\u00dfen Einladung reicht die Absendung der schriftlichen Einladung aus. Zwischen dem Tag der Einladung und dem Termin der Versammlung muss eine Frist von mindestens zwei und h\u00f6chstens sechs Wochen liegen. Mit der Einberufung der Mitgliederversammlung ist die Tagesordnung mitzuteilen. Antr\u00e4ge auf Satzungs\u00e4nderung m\u00fcssen bei der Bekanntgabe der Tagesordnung mitgeteilt werden.<\/p>\n<p>Die Mitgliederversammlung ist ohne R\u00fccksicht auf die Zahl der erschienenen Mitglieder beschlussf\u00e4hig. Bei Beschl\u00fcssen und Wahlen entscheidet die einfache Mehrheit der abgegebenen g\u00fcltigen Stimmen; Stimmengleichheit bedeutet Ablehnung. Satzungs\u00e4nderungen erfordern eine Zweidrittelmehrheit der abgegebenen g\u00fcltigen Stimmen. Bei Wahlen muss eine geheime Abstimmung erfolgen.<\/p>\n<p>Antr\u00e4ge k\u00f6nnen gestellt werden:<br>a)&nbsp;von jedem erwachsenen Mitglied \u00a7 3 Abs. 2,<br>b)&nbsp;vom Vorstand.<\/p>\n<p>Antr\u00e4ge auf Satzungs\u00e4nderungen m\u00fcssen vier Wochen vor der Mitgliederversammlung schriftlich beim Vorsitzenden des Vereins eingegangen sein.<\/p>\n<p>\u00dcber andere Antr\u00e4ge kann in der Mitgliederversammlung nur abgestimmt werden, wenn diese Antr\u00e4ge mindestens eine Woche vor der Versammlung schriftlich bei dem Vorsitzenden des Vereins eingegangen sind. Sp\u00e4ter eingehende Antr\u00e4ge d\u00fcrfen in der Mitgliederversammlung nur behandelt werden, wenn ihre Dringlichkeit ausreichend begr\u00fcndet wird. Dringlichkeitsantr\u00e4ge auf Satzungs\u00e4nderung sind ausgeschlossen.<\/p>\n<p>\u00dcber die Mitgliederversammlung ist ein Ergebnisprotokoll zu fertigen, das vom Versammlungsleiter und dem Protokollf\u00fchrer unterzeichnet werden muss.<\/p>\n<p>\u00a7 9 Stimmrecht und W\u00e4hlbarkeit&nbsp;<\/p>\n<p>Mitglieder, die das 14. Lebensjahr vollendet haben, besitzen Stimm- und Wahlrecht.<\/p>\n<p>Das Stimmrecht kann nur pers\u00f6nlich ausge\u00fcbt werden.<\/p>\n<p>Gew\u00e4hlt werden k\u00f6nnen Mitglieder, die das 18. Lebensjahr vollendet haben.<\/p>\n<p>Mitglieder, denen kein Stimmrecht zusteht, k\u00f6nnen an der Mitgliederversammlung als G\u00e4ste teilnehmen.<\/p>\n<p>\u00a7 10 Der Vorstand&nbsp;<\/p>\n<p>Der Vorstand besteht aus<br>&nbsp;&nbsp;&nbsp;&nbsp;&nbsp;&nbsp;&nbsp;&nbsp;&nbsp;&nbsp;&nbsp;&nbsp;&nbsp;&nbsp;&nbsp; dem\/der Vorsitzenden,<br>stellv. Vorsitzenden,<br>&nbsp;&nbsp;&nbsp;&nbsp;&nbsp;&nbsp;&nbsp;&nbsp;&nbsp;&nbsp;&nbsp;&nbsp;&nbsp;&nbsp;&nbsp;&nbsp;&nbsp;&nbsp;&nbsp;&nbsp;&nbsp;&nbsp;&nbsp; 2. stellv. Vorsitzenden,<br>&nbsp;&nbsp;&nbsp;&nbsp;&nbsp;&nbsp;&nbsp; &nbsp;&nbsp;&nbsp;&nbsp;&nbsp;&nbsp;&nbsp;&nbsp;&nbsp;&nbsp;&nbsp;&nbsp;&nbsp;&nbsp;&nbsp; Schatzmeister\/ -in,<br>&nbsp;&nbsp;&nbsp;&nbsp;&nbsp;&nbsp;&nbsp; &nbsp;&nbsp;&nbsp;&nbsp;&nbsp;&nbsp;&nbsp;&nbsp;&nbsp;&nbsp;&nbsp;&nbsp;&nbsp;&nbsp;&nbsp; sowie weitere 7 Mitglieder.<\/p>\n<p>Der Vorstand f\u00fchrt die Gesch\u00e4fte im Sinne der Satzung und der Beschl\u00fcsse der Mitgliederversammlung. Er fasst seine Beschl\u00fcsse mit einfacher Mehrheit. Bei Stimmengleichheit entscheidet die Stimme des Vorsitzenden bzw. bei dessen Abwesenheit die seines Vertreters. Er ordnet und er \u00fcberwacht die T\u00e4tigkeit der Sektionen und Sportgruppen und berichtet der Mitgliederversammlung \u00fcber seine T\u00e4tigkeit. Der Vorstand ist berechtigt, f\u00fcr bestimmte Zwecke Aussch\u00fcsse einzusetzen.<\/p>\n<p>Der Vorstand im Sinne des geltenden Rechts sind:<br>der\/ die Vorsitzende<br>&nbsp;&nbsp;&nbsp;&nbsp;&nbsp;&nbsp;&nbsp;&nbsp;&nbsp;&nbsp;&nbsp;&nbsp;&nbsp;&nbsp; 2. der\/die &nbsp;1. stellv. Vorsitzende,<br>&nbsp;&nbsp;&nbsp;&nbsp;&nbsp;&nbsp;&nbsp;&nbsp;&nbsp;&nbsp;&nbsp;&nbsp;&nbsp;&nbsp; 3. der\/ die 2. stellv. Vorsitzende,<br>&nbsp;&nbsp;&nbsp;&nbsp;&nbsp;&nbsp;&nbsp;&nbsp;&nbsp;&nbsp;&nbsp;&nbsp;&nbsp;&nbsp; 4. der Schatzmeister\/ die Schatzmeisterin.<br>Gerichtlich und au\u00dfergerichtlich wird der Verein durch die vorstehend genannten vier Vorstandsmitglieder vertreten.<\/p>\n<p>Der 1. Vorsitzende leitet die Mitgliederversammlung. Er kann ein anderes Vorstandsmitglied mit der Leitung beauftragen.<\/p>\n<p>Der Vorstand wird f\u00fcr jeweils 3 Jahre gew\u00e4hlt.<\/p>\n<p>\u00a7 11 Ehrenmitglieder&nbsp;<\/p>\n<p>Die Personen, die sich um den Verein besonders verdient gemacht haben, k\u00f6nnen auf Vorschlag des Vorstandes zu Ehrenmitgliedern ernannt werden. Die Ernennung zu Ehrenmitgliedern erfolgt auf Lebenszeit, wenn zwei Drittel der Stimmen der anwesenden Stimmberechtigten dem Vorschlag zustimmen.<\/p>\n<p>Ehrenmitglieder haben in der Mitgliederversammlung Stimmrecht.<\/p>\n<p>\u00a7 12 Beschwerdeausschuss&nbsp;<\/p>\n<p>&nbsp;&nbsp;&nbsp;&nbsp;&nbsp;&nbsp;&nbsp; Der Beschwerdeausschuss besteht aus drei erwachsenen Mitgliedern, die nicht dem Vorstand angeh\u00f6ren d\u00fcrfen. Er wird jeweils &nbsp;&nbsp;&nbsp;&nbsp;&nbsp; f\u00fcr 3 Jahre gew\u00e4hlt.<\/p>\n<p>\u00a7 13 Kassenpr\u00fcfer<\/p>\n<p>&nbsp;&nbsp;&nbsp;&nbsp;&nbsp;&nbsp;&nbsp; Die Mitgliederversammlung w\u00e4hlt f\u00fcr die Dauer von drei Jahren drei Kassenpr\u00fcfer, die nicht Mitglied des Vorstands oder eines &nbsp;&nbsp;&nbsp;&nbsp;&nbsp; von ihm eingesetzten Ausschusses sein d\u00fcrfen. Die Kassenpr\u00fcfer haben die Kasse des Vereins einschlie\u00dflich der B\u00fccher und Belege mindestens einmal im Gesch\u00e4ftsjahr sachlich und rechnerisch zu pr\u00fcfen und dem Vorstand jeweils schriftlichen Bericht zu &nbsp;&nbsp;&nbsp;&nbsp;&nbsp;&nbsp; erstatten. Die Kassenpr\u00fcfer erstatten der Mitgliederversammlung einen Pr\u00fcfbericht und beantragen bei ordnungsgem\u00e4\u00dfer Pr\u00fcfung &nbsp; der Kassengesch\u00e4fte die Entlastung die Entlastung des Kassenwartes und des \u00fcbrigen Vorstandes.<\/p>\n<p>\u00a7 14 Aufl\u00f6sung<\/p>\n<p>F\u00fcr die Aufl\u00f6sung des Vereins entscheidet eine hierf\u00fcr besonders einzuberufende Mitgliederversammlung mit Dreiviertelmehrheit der erschienen Stimmberechtigten.<\/p>\n<p>Bei Aufl\u00f6sung des Vereins oder Wegfall des Zwecks gem\u00e4\u00df \u00a7 2 dieser Satzung f\u00e4llt das Verm\u00f6gen des Vereins, soweit es Anspr\u00fcche aus Darlehensvertr\u00e4gen der Mitglieder \u00fcbersteigt zur Treuhandverwahrung f\u00fcr 5 Jahre der Stadt J\u00fcterbog zu. Sollte sich in dieser Zeit der Verein nicht neu gr\u00fcnden, f\u00e4llt das vorhandene Verm\u00f6gen der Stadt J\u00fcterbog zur F\u00f6rderung des Sports der Stadt zu.<\/p>\n<p>\u00a7 15 Letzte \u00c4nderung<\/p>\n<p>Die Satzung vom 09.11.2013 ist in der vorliegenden Form am <u>18.09.2022<\/u> von der Mitgliederversammlung des Vereins SSV J\u00fcterbog 1990 e.V. ge\u00e4ndert worden. (Am 16.12.2022 erfolgte die Eintragung im Vereinsregister unter VR 6247 P.)<\/p>\n<p>&nbsp;<\/p>\n<p><a title=\"SSV Aufnahmeantrag 01.09.2013\" href=\"https:\/\/www.ssv-jueterbog.de\/wp-content\/uploads\/2022\/12\/SSV-Satzung-18-09-2022.pdf\" target=\"_blank\" rel=\"noopener\"><img loading=\"lazy\" decoding=\"async\" class=\"alignnone\" src=\"https:\/\/www.ssv-jueterbog.de\/wp-content\/uploads\/2008\/03\/pdficon_large.jpg\" alt=\"Satzung 18.09.2022\" width=\"32\" height=\"32\"><\/a> <a href=\"https:\/\/www.ssv-jueterbog.de\/wp-content\/uploads\/2022\/12\/SSV-Satzung-18-09-2022.pdf\">SSV Satzung 18-09-2022<\/a> zum download und ausdrucken<\/p>\n<p><a title=\"SSV Aufnahmeantrag 01.09.2013\" href=\"https:\/\/www.ssv-jueterbog.de\/wp-content\/uploads\/2024\/11\/SSV-Aufnahmeantrag-vom-21.11.2024.pdf\" target=\"_blank\" rel=\"noopener\"><img loading=\"lazy\" decoding=\"async\" class=\"alignnone\" src=\"https:\/\/www.ssv-jueterbog.de\/wp-content\/uploads\/2008\/03\/pdficon_large.jpg\" alt=\"Aufnahmeantrag 2025\" width=\"32\" height=\"32\"><\/a> <a href=\"https:\/\/www.ssv-jueterbog.de\/wp-content\/uploads\/2024\/11\/SSV-Aufnahmeantrag-vom-21.11.2024.pdf\">SSV Aufnahmeantrag 2025<\/a> zum download und ausdrucken<\/p>\n\n\n<p><\/p>\n","protected":false},"excerpt":{"rendered":"<p>Satzung (18.09.2022) SSV J\u00fcterbog 1990 e.V.<br \/>\n\u00a7 1 Name, Sitz, Gesch\u00e4ftsjahr&nbsp;<br \/>\nDer am 28.06.1990 gegr\u00fcndete Verein f\u00fchrt den Namen Sport- und Spielverein J\u00fcterbog 1990 e.V. und hat seinen Sitz in J\u00fcterbog. Er ist im Vereinsregister eingetragen.<br \/>\nDer Verein erkennt die Satzung des Landessportbundes Brandenburg an.<br \/>\nDas Gesch\u00e4ftsjahr ist das Kalenderjahr.<br \/>\n\u00a7 2 Zweck, Aufgaben und Grunds\u00e4tze der T\u00e4tigkeit&nbsp;<br \/>\nDer Verein verfolgt [&#8230;]<\/p>\n","protected":false},"author":1,"featured_media":0,"parent":172,"menu_order":0,"comment_status":"open","ping_status":"open","template":"","meta":{"ngg_post_thumbnail":0,"footnotes":""},"class_list":["post-134","page","type-page","status-publish","hentry"],"_links":{"self":[{"href":"https:\/\/www.ssv-jueterbog.de\/index.php?rest_route=\/wp\/v2\/pages\/134","targetHints":{"allow":["GET"]}}],"collection":[{"href":"https:\/\/www.ssv-jueterbog.de\/index.php?rest_route=\/wp\/v2\/pages"}],"about":[{"href":"https:\/\/www.ssv-jueterbog.de\/index.php?rest_route=\/wp\/v2\/types\/page"}],"author":[{"embeddable":true,"href":"https:\/\/www.ssv-jueterbog.de\/index.php?rest_route=\/wp\/v2\/users\/1"}],"replies":[{"embeddable":true,"href":"https:\/\/www.ssv-jueterbog.de\/index.php?rest_route=%2Fwp%2Fv2%2Fcomments&post=134"}],"version-history":[{"count":20,"href":"https:\/\/www.ssv-jueterbog.de\/index.php?rest_route=\/wp\/v2\/pages\/134\/revisions"}],"predecessor-version":[{"id":2405,"href":"https:\/\/www.ssv-jueterbog.de\/index.php?rest_route=\/wp\/v2\/pages\/134\/revisions\/2405"}],"up":[{"embeddable":true,"href":"https:\/\/www.ssv-jueterbog.de\/index.php?rest_route=\/wp\/v2\/pages\/172"}],"wp:attachment":[{"href":"https:\/\/www.ssv-jueterbog.de\/index.php?rest_route=%2Fwp%2Fv2%2Fmedia&parent=134"}],"curies":[{"name":"wp","href":"https:\/\/api.w.org\/{rel}","templated":true}]}}